{"id":154,"date":"2024-12-02T20:45:35","date_gmt":"2024-12-02T20:45:35","guid":{"rendered":"https:\/\/jf-santanadaserra.pt\/?page_id=154"},"modified":"2026-02-02T15:37:04","modified_gmt":"2026-02-02T15:37:04","slug":"procedimentos-concursais","status":"publish","type":"page","link":"https:\/\/jf-santanadaserra.pt\/?page_id=154","title":{"rendered":"Procedimentos Concursais"},"content":{"rendered":"\n<h4 class=\"wp-block-heading\">Procedimento concursal comum para a constitui\u00e7\u00e3o de v\u00ednculo de emprego p\u00fablico a termo resolutivo incerto para um posto de trabalho na carreira e categoria de Assistente Operacional<\/h4>\n\n\n\n<p>                <strong>Aviso BEP<\/strong> &#8211; <a href=\"https:\/\/jf-santanadaserra.pt\/wp-content\/uploads\/2024\/12\/AvisoBEP.pdf\" target=\"_blank\" rel=\"noreferrer noopener\">Descarregar<\/a><\/p>\n\n\n\n<p>                <strong>Aviso DR<\/strong> &#8211; <a href=\"https:\/\/jf-santanadaserra.pt\/wp-content\/uploads\/2024\/12\/AvisoDR.pdf\" target=\"_blank\" rel=\"noreferrer noopener\">Descarregar<\/a><\/p>\n\n\n\n<p><strong>Celebra\u00e7\u00e3o de contrato de trabalho em fun\u00e7\u00f5es p\u00fablicas a termo resolutivo incerto de trabalhador da carreira de Assistente Operacional<\/strong> [<a href=\"https:\/\/jf-santanadaserra.pt\/wp-content\/uploads\/2026\/02\/AvisoContratacao2026-SantanaSerra.pdf\" data-type=\"link\" data-id=\"https:\/\/jf-santanadaserra.pt\/wp-content\/uploads\/2026\/02\/AvisoContratacao2026-SantanaSerra.pdf\">Documento<\/a>]<\/p>\n","protected":false},"excerpt":{"rendered":"<p>Procedimento concursal comum para a constitui\u00e7\u00e3o de v\u00ednculo de emprego p\u00fablico a termo resolutivo incerto para um posto de trabalho na carreira e categoria de Assistente Operacional Aviso BEP &#8211; Descarregar Aviso DR &#8211; Descarregar Celebra\u00e7\u00e3o de contrato de trabalho em fun\u00e7\u00f5es p\u00fablicas a termo resolutivo incerto de trabalhador da carreira de Assistente Operacional [Documento]<\/p>\n","protected":false},"author":1,"featured_media":0,"parent":0,"menu_order":0,"comment_status":"closed","ping_status":"closed","template":"","meta":{"_mc_calendar":[],"footnotes":""},"class_list":["post-154","page","type-page","status-publish","hentry","description-off"],"_links":{"self":[{"href":"https:\/\/jf-santanadaserra.pt\/index.php?rest_route=\/wp\/v2\/pages\/154","targetHints":{"allow":["GET"]}}],"collection":[{"href":"https:\/\/jf-santanadaserra.pt\/index.php?rest_route=\/wp\/v2\/pages"}],"about":[{"href":"https:\/\/jf-santanadaserra.pt\/index.php?rest_route=\/wp\/v2\/types\/page"}],"author":[{"embeddable":true,"href":"https:\/\/jf-santanadaserra.pt\/index.php?rest_route=\/wp\/v2\/users\/1"}],"replies":[{"embeddable":true,"href":"https:\/\/jf-santanadaserra.pt\/index.php?rest_route=%2Fwp%2Fv2%2Fcomments&post=154"}],"version-history":[{"count":3,"href":"https:\/\/jf-santanadaserra.pt\/index.php?rest_route=\/wp\/v2\/pages\/154\/revisions"}],"predecessor-version":[{"id":215,"href":"https:\/\/jf-santanadaserra.pt\/index.php?rest_route=\/wp\/v2\/pages\/154\/revisions\/215"}],"wp:attachment":[{"href":"https:\/\/jf-santanadaserra.pt\/index.php?rest_route=%2Fwp%2Fv2%2Fmedia&parent=154"}],"curies":[{"name":"wp","href":"https:\/\/api.w.org\/{rel}","templated":true}]}}