{"id":17,"date":"2024-10-29T10:09:46","date_gmt":"2024-10-29T10:09:46","guid":{"rendered":"https:\/\/jf-santanadaserra.pt\/?page_id=17"},"modified":"2024-12-16T18:11:31","modified_gmt":"2024-12-16T18:11:31","slug":"caracterizacao-populacional-e-economica","status":"publish","type":"page","link":"https:\/\/jf-santanadaserra.pt\/?page_id=17","title":{"rendered":"Patrim\u00f3nio Natural"},"content":{"rendered":"\n<p class=\"has-drop-cap\">Percorrendo o Alentejo no sentido norte\/sul, onde a plan\u00edcie encontra a serra, onde o horizonte \u00e9 cortado pelas montanhas, encontra-se o concelho de Ourique, uma regi\u00e3o feita de contrastes. A norte, uma zona de searas e pastagens, interrompida por alguns sobreiros, azinheiras e pequenas aldeias brancas. Mais para sul, pr\u00f3ximo do rio Mira, j\u00e1 na freguesia de Santana da Serra, a paisagem alterna-se e desdobra-se em surpresas. No denso matagal quase selvagem, convivem o sobreiro, a azinheira, o medronheiro a esteva, o sarga\u00e7o e o tojo, oferecendo a sua prote\u00e7\u00e3o a aves e animais selvagens, como a perdiz, o pombo-torcaz, o peneireiro-cinzento, a raposa, o javali, os saca rabos, etc.<\/p>\n\n\n\n<p>Em Santana da Serra vamos encontrar um novo tipo de paisagem que se estende at\u00e9 ao limite sul do concelho &#8211; agora os acidentes tomam mais vulto, os vales s\u00e3o cavados e bem pronunciados. A precipita\u00e7\u00e3o concentrada, sob a forma de enxurradas, arrasta o delgado do solo, levando ao surgimento da rocha nua, que em zonas declivosas d\u00e1 lugar a escarpas de dimens\u00e3o consider\u00e1vel.<\/p>\n\n\n\n<p>\u00c9 uma zona serrana com semelhan\u00e7as \u00e0 serra algarvia, que se apresenta dobrada, elevada e com uma vegeta\u00e7\u00e3o densa.<\/p>\n\n\n\n<div style=\"height:25px\" aria-hidden=\"true\" class=\"wp-block-spacer\"><\/div>\n\n\n\n<blockquote class=\"wp-block-quote is-layout-flow wp-block-quote-is-layout-flow\">\n<p class=\"has-small-font-size\">Autor: Junta de Freguesia de Santana da Serra 2005<br>Livro: Santana da Serra Passado e Presente<\/p>\n<\/blockquote>\n\n\n\n<p><\/p>\n","protected":false},"excerpt":{"rendered":"<p>Percorrendo o Alentejo no sentido norte\/sul, onde a plan\u00edcie encontra a serra, onde o horizonte \u00e9 cortado pelas montanhas, encontra-se o concelho de Ourique, uma regi\u00e3o feita de contrastes. A norte, uma zona de searas e pastagens, interrompida por alguns sobreiros, azinheiras e pequenas aldeias brancas. Mais para sul, pr\u00f3ximo do rio Mira, j\u00e1 na&hellip;<\/p>\n","protected":false},"author":1,"featured_media":0,"parent":0,"menu_order":0,"comment_status":"closed","ping_status":"closed","template":"","meta":{"_mc_calendar":[],"footnotes":""},"class_list":["post-17","page","type-page","status-publish","hentry","description-off"],"_links":{"self":[{"href":"https:\/\/jf-santanadaserra.pt\/index.php?rest_route=\/wp\/v2\/pages\/17","targetHints":{"allow":["GET"]}}],"collection":[{"href":"https:\/\/jf-santanadaserra.pt\/index.php?rest_route=\/wp\/v2\/pages"}],"about":[{"href":"https:\/\/jf-santanadaserra.pt\/index.php?rest_route=\/wp\/v2\/types\/page"}],"author":[{"embeddable":true,"href":"https:\/\/jf-santanadaserra.pt\/index.php?rest_route=\/wp\/v2\/users\/1"}],"replies":[{"embeddable":true,"href":"https:\/\/jf-santanadaserra.pt\/index.php?rest_route=%2Fwp%2Fv2%2Fcomments&post=17"}],"version-history":[{"count":6,"href":"https:\/\/jf-santanadaserra.pt\/index.php?rest_route=\/wp\/v2\/pages\/17\/revisions"}],"predecessor-version":[{"id":166,"href":"https:\/\/jf-santanadaserra.pt\/index.php?rest_route=\/wp\/v2\/pages\/17\/revisions\/166"}],"wp:attachment":[{"href":"https:\/\/jf-santanadaserra.pt\/index.php?rest_route=%2Fwp%2Fv2%2Fmedia&parent=17"}],"curies":[{"name":"wp","href":"https:\/\/api.w.org\/{rel}","templated":true}]}}