{"id":33,"date":"2024-10-29T10:11:59","date_gmt":"2024-10-29T10:11:59","guid":{"rendered":"https:\/\/jf-santanadaserra.pt\/?page_id=33"},"modified":"2024-10-29T11:40:29","modified_gmt":"2024-10-29T11:40:29","slug":"contatos-uteis","status":"publish","type":"page","link":"https:\/\/jf-santanadaserra.pt\/?page_id=33","title":{"rendered":"Contatos \u00dateis"},"content":{"rendered":"\n<h2 class=\"wp-block-heading\">Gabinete do Cidad\u00e3o<\/h2>\n\n\n\n<p><strong>Tel\u00e9movel<\/strong>: 910061801<\/p>\n\n\n\n<p><strong>E-Mail<\/strong>: <a href=\"mailto:gabapoiojfss@sapo.pt\">gabapoiojfss@sapo.pt<\/a><\/p>\n\n\n\n<div style=\"height:54px\" aria-hidden=\"true\" class=\"wp-block-spacer\"><\/div>\n\n\n\n<h2 class=\"wp-block-heading\">Posto M\u00e9dico<\/h2>\n\n\n\n<p><strong>Telefone<\/strong>: 286545125<\/p>\n","protected":false},"excerpt":{"rendered":"<p>Gabinete do Cidad\u00e3o Tel\u00e9movel: 910061801 E-Mail: gabapoiojfss@sapo.pt Posto M\u00e9dico Telefone: 286545125<\/p>\n","protected":false},"author":1,"featured_media":0,"parent":0,"menu_order":0,"comment_status":"closed","ping_status":"closed","template":"","meta":{"_mc_calendar":[],"footnotes":""},"class_list":["post-33","page","type-page","status-publish","hentry","description-off"],"_links":{"self":[{"href":"https:\/\/jf-santanadaserra.pt\/index.php?rest_route=\/wp\/v2\/pages\/33","targetHints":{"allow":["GET"]}}],"collection":[{"href":"https:\/\/jf-santanadaserra.pt\/index.php?rest_route=\/wp\/v2\/pages"}],"about":[{"href":"https:\/\/jf-santanadaserra.pt\/index.php?rest_route=\/wp\/v2\/types\/page"}],"author":[{"embeddable":true,"href":"https:\/\/jf-santanadaserra.pt\/index.php?rest_route=\/wp\/v2\/users\/1"}],"replies":[{"embeddable":true,"href":"https:\/\/jf-santanadaserra.pt\/index.php?rest_route=%2Fwp%2Fv2%2Fcomments&post=33"}],"version-history":[{"count":7,"href":"https:\/\/jf-santanadaserra.pt\/index.php?rest_route=\/wp\/v2\/pages\/33\/revisions"}],"predecessor-version":[{"id":83,"href":"https:\/\/jf-santanadaserra.pt\/index.php?rest_route=\/wp\/v2\/pages\/33\/revisions\/83"}],"wp:attachment":[{"href":"https:\/\/jf-santanadaserra.pt\/index.php?rest_route=%2Fwp%2Fv2%2Fmedia&parent=33"}],"curies":[{"name":"wp","href":"https:\/\/api.w.org\/{rel}","templated":true}]}}